{"id":122,"date":"2017-08-23T21:28:51","date_gmt":"2017-08-23T21:28:51","guid":{"rendered":"http:\/\/totaltheme.wpengine.com\/vanilla\/?page_id=122"},"modified":"2019-12-08T17:48:10","modified_gmt":"2019-12-08T16:48:10","slug":"about","status":"publish","type":"page","link":"https:\/\/blog-recherche-emploi-construction-batiment-aquitaine.fr\/index.php\/about\/","title":{"rendered":"Les chiffres du secteur du B\u00e2timent"},"content":{"rendered":"[vc_row][vc_column]<h1 class=\"vcex-module vcex-heading vcex-heading-plain\" style=\"font-size:32px;text-align:center;\"><span class=\"vcex-heading-inner clr\">LES PRINCIPAUX CHIFFRES POUR LA FRANCE<\/span><\/h1>[\/vc_column][\/vc_row][vc_row column_spacing=\u00a0\u00bb60&Prime; css=\u00a0\u00bb.vc_custom_1503529746815{padding-top: 20px !important;}\u00a0\u00bb][vc_column width=\u00a0\u00bb1\/3&Prime;]<h2 class=\"vcex-module vcex-heading vcex-heading-plain\" style=\"font-size:36px;\"><span class=\"vcex-heading-inner clr\">Les chiffres du BTP<\/span><\/h2><div class=\"vcex-module vcex-divider-dots clr   textleft\" style=\"padding-bottom:20px;\"><span><\/span><span><\/span><span><\/span><\/div>[vc_column_text width=\u00a0\u00bb450&Prime; css=\u00a0\u00bb.vc_custom_1574381350671{margin-top: 0px !important;margin-right: 0px !important;margin-bottom: 0px !important;margin-left: 0px !important;}\u00a0\u00bb]Le secteur du BTP Fran\u00e7ais en chiffres : Salari\u00e9s, Entreprises, apprentis&#8230;.[\/vc_column_text][\/vc_column][vc_column width=\u00a0\u00bb2\/3&Prime;][vc_single_image image=\u00a0\u00bb236&Prime;][\/vc_column][\/vc_row][vc_row full_width=\u00a0\u00bbstretch_row\u00a0\u00bb column_spacing=\u00a0\u00bb60&Prime; css=\u00a0\u00bb.vc_custom_1503529767819{padding-top: 80px !important;background-color: #f9f9f9 !important;}\u00a0\u00bb][vc_column width=\u00a0\u00bb1\/3&Prime;]<h2 class=\"vcex-module vcex-heading vcex-heading-plain\" style=\"font-size:36px;\"><span class=\"vcex-heading-inner clr\">622 678 Entreprises<\/span><\/h2><div class=\"vcex-module vcex-divider-dots clr   textleft\" style=\"padding-bottom:20px;\"><span><\/span><span><\/span><span><\/span><\/div>[vc_column_text width=\u00a0\u00bb450&Prime; css=\u00a0\u00bb.vc_custom_1575823507717{margin-top: 0px !important;margin-right: 0px !important;margin-bottom: 0px !important;margin-left: 0px !important;}\u00a0\u00bb]Voici la r\u00e9partition par branche et par r\u00e9gion des entreprises du BTP en France[\/vc_column_text][\/vc_column][vc_column width=\u00a0\u00bb2\/3&Prime;][vc_single_image image=\u00a0\u00bb244&Prime;][\/vc_column][\/vc_row][vc_row column_spacing=\u00a0\u00bb60&Prime; css=\u00a0\u00bb.vc_custom_1503528746323{padding-top: 80px !important;padding-bottom: 20px !important;}\u00a0\u00bb][vc_column width=\u00a0\u00bb1\/3&Prime;]<h2 class=\"vcex-module vcex-heading vcex-heading-plain\" style=\"font-size:36px;\"><span class=\"vcex-heading-inner clr\">Les salari\u00e9s travaillant dans le BTP<\/span><\/h2><div class=\"vcex-module vcex-divider-dots clr   textleft\" style=\"padding-bottom:20px;\"><span><\/span><span><\/span><span><\/span><\/div>[vc_column_text width=\u00a0\u00bb450&Prime; css=\u00a0\u00bb.vc_custom_1574381856067{margin-top: 0px !important;margin-right: 0px !important;margin-bottom: 0px !important;margin-left: 0px !important;}\u00a0\u00bb]Les salari\u00e9s du BTP en France : Nombre, age, sexe, branche&#8230;[\/vc_column_text][\/vc_column][vc_column width=\u00a0\u00bb2\/3&Prime;][vc_single_image image=\u00a0\u00bb247&Prime;][\/vc_column][\/vc_row][vc_row column_spacing=\u00a0\u00bb60&Prime; css=\u00a0\u00bb.vc_custom_1503528746323{padding-top: 80px !important;padding-bottom: 20px !important;}\u00a0\u00bb][vc_column width=\u00a0\u00bb1\/3&Prime;]<h2 class=\"vcex-module vcex-heading vcex-heading-plain\" style=\"font-size:36px;\"><span class=\"vcex-heading-inner clr\">Le recrutement en BTP en France<\/span><\/h2><div class=\"vcex-module vcex-divider-dots clr   textleft\" style=\"padding-bottom:20px;\"><span><\/span><span><\/span><span><\/span><\/div>[vc_column_text width=\u00a0\u00bb450&Prime; css=\u00a0\u00bb.vc_custom_1574381628934{margin-top: 0px !important;margin-right: 0px !important;margin-bottom: 0px !important;margin-left: 0px !important;}\u00a0\u00bb]Voici les donn\u00e9es du secteur du BTP en France pour le recrutement.[\/vc_column_text][\/vc_column][vc_column width=\u00a0\u00bb2\/3&Prime;][vc_single_image image=\u00a0\u00bb246&Prime;][\/vc_column][\/vc_row][vc_row column_spacing=\u00a0\u00bb60&Prime; css=\u00a0\u00bb.vc_custom_1503528746323{padding-top: 80px !important;padding-bottom: 20px !important;}\u00a0\u00bb][vc_column width=\u00a0\u00bb1\/3&Prime;]<h2 class=\"vcex-module vcex-heading vcex-heading-plain\" style=\"font-size:36px;\"><span class=\"vcex-heading-inner clr\">Les \u00e9l\u00e8ves et apprentis en BTP en France<\/span><\/h2><div class=\"vcex-module vcex-divider-dots clr   textleft\" style=\"padding-bottom:20px;\"><span><\/span><span><\/span><span><\/span><\/div>[vc_column_text width=\u00a0\u00bb450&Prime; css=\u00a0\u00bb.vc_custom_1574382063065{margin-top: 0px !important;margin-right: 0px !important;margin-bottom: 0px !important;margin-left: 0px !important;}\u00a0\u00bb]Les \u00e9l\u00e8ves et apprentis en BTP en France : Nombre, dipl\u00f4mes et sp\u00e9cialit\u00e9s[\/vc_column_text][\/vc_column][vc_column width=\u00a0\u00bb2\/3&Prime;][vc_single_image image=\u00a0\u00bb248&Prime;][\/vc_column][\/vc_row][vc_row][vc_column]<h1 class=\"vcex-module vcex-heading vcex-heading-plain\" style=\"font-size:32px;text-align:center;\"><span class=\"vcex-heading-inner clr\">LES PRINCIPAUX CHIFFRES POUR LA R\u00c9GION NOUVELLE AQUITAINE<\/span><\/h1>[\/vc_column][\/vc_row][vc_row][vc_column][vc_single_image image=\u00a0\u00bb292&Prime;][\/vc_column][\/vc_row][vc_row][vc_column][vc_row_inner][vc_column_inner width=\u00a0\u00bb1\/4&Prime;][vc_column_text]\n<h1>R\u00e9partition des \u00e9tablissements selon leur taille.<\/h1>\n<p>Source INSEE[\/vc_column_text][\/vc_column_inner][vc_column_inner width=\u00a0\u00bb3\/4&Prime;][vc_single_image image=\u00a0\u00bb320&Prime;][\/vc_column_inner][\/vc_row_inner][\/vc_column][\/vc_row][vc_row][vc_column width=\u00a0\u00bb3\/4&Prime;][vc_single_image image=\u00a0\u00bb321&Prime;][\/vc_column][vc_column width=\u00a0\u00bb1\/4&Prime;][vc_column_text]\n<h1>L&rsquo;\u00e9volution du chiffre d&rsquo;affaires du secteur du b\u00e2timent et de la construction en Nouvelle Aquitaine.<\/h1>\n<p>&nbsp;<\/p>\n<p>Source : CERC Nouvelle-Aquitaine I Chiffres cl\u00e9s de la construction \u2013 \u00c9dition 2018[\/vc_column_text][\/vc_column][\/vc_row][vc_row][vc_column][vc_column_text]\n<ul>\n<li style=\"text-align: justify;\">En Nouvelle-Aquitaine, le chiffre d\u2019affaires b\u00e2timent est \u00e9valu\u00e9 \u00e0 11,8 milliards d\u2019euros pour l\u2019ann\u00e9e 2017.<\/li>\n<li style=\"text-align: justify;\">Apr\u00e8s cinq ann\u00e9es de baisses cons\u00e9cutives, les niveaux d\u2019activit\u00e9 se sont affermis tout au long de l\u2019ann\u00e9e permettant d\u2019aborder l\u2019ann\u00e9e 2018 avec plus s\u00e9r\u00e9nit\u00e9 pour les acteurs r\u00e9gionaux de la fili\u00e8re construction.<\/li>\n<li style=\"text-align: justify;\">En 2018, plusieurs facteurs incitent \u00e0 poser un diagnostic plus prudent sur les perspectives de chiffre d\u2019affaires. La croissance des mises en chantier de logements n\u2019est plus aussi dynamique que l\u2019ann\u00e9e pass\u00e9e et la construction neuve de b\u00e2timents non r\u00e9sidentiels reste sur des niveaux d\u2019activit\u00e9 toujours faibles en Nouvelle-Aquitaine.<\/li>\n<li style=\"text-align: justify;\">Les travaux d\u2019entretien-am\u00e9lioration ne suffiront pas pour maintenir le rythme de croissance observ\u00e9 l\u2019ann\u00e9e pr\u00e9c\u00e9dente.<\/li>\n<li style=\"text-align: justify;\">La prolongation pour quatre ans du dispositif Pinel et du Pr\u00eat \u00e0 Taux Z\u00e9ro (PTZ) est b\u00e9n\u00e9fique pour le march\u00e9 r\u00e9sidentiel neuf. Leur recentrage sur les zones tendues r\u00e9duira vraisemblablement le nombre de transactions immobili\u00e8res.<\/li>\n<li style=\"text-align: justify;\">Le PTZ est certes maintenu en zones non tendues en 2018-2019 mais la r\u00e9duction de la part du pr\u00eat dans le co\u00fbt d\u2019acquisition aura \u00e9galement des effets sur la construction neuve.<\/li>\n<\/ul>\n[\/vc_column_text][\/vc_column][\/vc_row][vc_row][vc_column width=\u00a0\u00bb1\/4&Prime;][vc_column_text]\n<h1>Les salari\u00e9s et les int\u00e9rimaires travaillant dans le secteur du b\u00e2timent en r\u00e9gion Nouvelle-Aquitaine.<\/h1>\n<p>&nbsp;<\/p>\n<p>Source : CERC Nouvelle-Aquitaine I Chiffres cl\u00e9s de la construction \u2013 \u00c9dition 2017[\/vc_column_text][\/vc_column][vc_column width=\u00a0\u00bb3\/4&Prime;][vc_single_image image=\u00a0\u00bb322&Prime;][\/vc_column][\/vc_row][vc_row][vc_column width=\u00a0\u00bb3\/4&Prime;][vc_single_image image=\u00a0\u00bb326&Prime;][\/vc_column][vc_column width=\u00a0\u00bb1\/4&Prime;][vc_column_text]\n<h1>\u00c9volution des effectifs salari\u00e9s<\/h1>\n<p>&nbsp;<\/p>\n<p>Source : UCF-CIBTP[\/vc_column_text][\/vc_column][\/vc_row][vc_row][vc_column width=\u00a0\u00bb1\/3&Prime;][vc_column_text]\n<h1>Effectifs salari\u00e9s par m\u00e9tier et par d\u00e9partement en construction b\u00e2timent pour la r\u00e9gion Nouvelle-Aquitaine.<\/h1>\n<p>&nbsp;<\/p>\n<p>Source : CERC Nouvelle-Aquitaine I Chiffres cl\u00e9s de la construction 2018<\/p>\n<p>&nbsp;<\/p>\n<p>&nbsp;[\/vc_column_text][\/vc_column][vc_column width=\u00a0\u00bb1\/3&Prime;][vc_single_image image=\u00a0\u00bb341&Prime;][\/vc_column][vc_column width=\u00a0\u00bb1\/3&Prime;][vc_single_image image=\u00a0\u00bb338&Prime;][\/vc_column][\/vc_row][vc_row][vc_column width=\u00a0\u00bb2\/3&Prime;][vc_single_image image=\u00a0\u00bb343&Prime;][\/vc_column][vc_column width=\u00a0\u00bb1\/3&Prime;][vc_column_text]\n<h1>CARRI\u00c8RES ET MAT\u00c9RIAUX\u00a0 : le nombre d&rsquo;entreprises et la r\u00e9partition des \u00e9tablissements par taille<\/h1>\n<p>&nbsp;<\/p>\n<p>Source : INSEE[\/vc_column_text][\/vc_column][\/vc_row][vc_row][vc_column width=\u00a0\u00bb1\/4&Prime;][vc_column_text]\n<h1>Carri\u00e8res et Mat\u00e9riaux B\u00e2timent Nouvelle-Aquitaine : le chiffre d&rsquo;affaires<\/h1>\n<p>&nbsp;<\/p>\n<p>Source UNICEM[\/vc_column_text][\/vc_column][vc_column width=\u00a0\u00bb3\/4&Prime;][vc_single_image image=\u00a0\u00bb344&Prime;][\/vc_column][\/vc_row][vc_row][vc_column width=\u00a0\u00bb3\/4&Prime;][vc_single_image image=\u00a0\u00bb333&Prime;][\/vc_column][vc_column width=\u00a0\u00bb1\/4&Prime;][vc_column_text]\n<h1>R\u00e9partition des salari\u00e9s et des int\u00e9rimaires et \u00e9volution des effectifs salari\u00e9s en construction et en b\u00e2timent pour la r\u00e9gion Nouvelle-Aquitaine.<\/h1>\n<p>&nbsp;<\/p>\n<p>Source : ACOSS au 31\/12\/2016<\/p>\n<p>&nbsp;<\/p>\n<p>&nbsp;[\/vc_column_text][\/vc_column][\/vc_row][vc_row][vc_column width=\u00a0\u00bb1\/4&Prime;][vc_column_text]\n<h1>Carri\u00e8res et mat\u00e9riaux B\u00e2timent Nouvelle Aquitaine : Les effectifs salari\u00e9s des \u00e9tablissements et r\u00e9partition des effectifs par d\u00e9partement.<\/h1>\n<p>&nbsp;<\/p>\n<p>Source : ACOSS[\/vc_column_text][\/vc_column][vc_column width=\u00a0\u00bb3\/4&Prime;][vc_single_image image=\u00a0\u00bb335&Prime;][\/vc_column][\/vc_row]\n","protected":false},"excerpt":{"rendered":"<p>[vc_row][vc_column][\/vc_column][\/vc_row][vc_row column_spacing=\u00a0\u00bb60&Prime; css=\u00a0\u00bb.vc_custom_1503529746815{padding-top: 20px !important;}\u00a0\u00bb][vc_column width=\u00a0\u00bb1\/3&Prime;][vc_column_text width=\u00a0\u00bb450&Prime; css=\u00a0\u00bb.vc_custom_1574381350671{margin-top: 0px !important;margin-right: 0px !important;margin-bottom: 0px !important;margin-left: 0px !important;}\u00a0\u00bb]Le secteur du BTP Fran\u00e7ais en chiffres : Salari\u00e9s, Entreprises, apprentis&#8230;.[\/vc_column_text][\/vc_column][vc_column width=\u00a0\u00bb2\/3&Prime;][vc_single_image image=\u00a0\u00bb236&Prime;][\/vc_column][\/vc_row][vc_row full_width=\u00a0\u00bbstretch_row\u00a0\u00bb column_spacing=\u00a0\u00bb60&Prime; css=\u00a0\u00bb.vc_custom_1503529767819{padding-top: 80px !important;background-color: #f9f9f9 !important;}\u00a0\u00bb][vc_column width=\u00a0\u00bb1\/3&Prime;][vc_column_text width=\u00a0\u00bb450&Prime; css=\u00a0\u00bb.vc_custom_1575823507717{margin-top: 0px !important;margin-right:&hellip;<\/p>\n","protected":false},"author":1,"featured_media":0,"parent":0,"menu_order":0,"comment_status":"closed","ping_status":"closed","template":"","meta":{"footnotes":""},"class_list":["post-122","page","type-page","status-publish","hentry","entry","no-media"],"yoast_head":"<!-- This site is optimized with the Yoast SEO plugin v25.3 - https:\/\/yoast.com\/wordpress\/plugins\/seo\/ -->\n<title>Les chiffres du secteur du B\u00e2timent - blog sur la recherche d&#039;emploi en construction et en b\u00e2timent en Aquitaine<\/title>\n<meta name=\"robots\" content=\"index, follow, max-snippet:-1, max-image-preview:large, max-video-preview:-1\" \/>\n<link rel=\"canonical\" href=\"https:\/\/blog-recherche-emploi-construction-batiment-aquitaine.fr\/index.php\/about\/\" \/>\n<meta property=\"og:locale\" content=\"fr_FR\" \/>\n<meta property=\"og:type\" content=\"article\" \/>\n<meta property=\"og:title\" content=\"Les chiffres du secteur du B\u00e2timent - blog sur la recherche d&#039;emploi en construction et en b\u00e2timent en Aquitaine\" \/>\n<meta property=\"og:description\" content=\"[vc_row][vc_column][\/vc_column][\/vc_row][vc_row column_spacing=\u00a0\u00bb60&Prime; css=\u00a0\u00bb.vc_custom_1503529746815{padding-top: 20px !important;}\u00a0\u00bb][vc_column width=\u00a0\u00bb1\/3&Prime;][vc_column_text width=\u00a0\u00bb450&Prime; css=\u00a0\u00bb.vc_custom_1574381350671{margin-top: 0px !important;margin-right: 0px !important;margin-bottom: 0px !important;margin-left: 0px !important;}\u00a0\u00bb]Le secteur du BTP Fran\u00e7ais en chiffres : Salari\u00e9s, Entreprises, apprentis&#8230;.[\/vc_column_text][\/vc_column][vc_column width=\u00a0\u00bb2\/3&Prime;][vc_single_image image=\u00a0\u00bb236&Prime;][\/vc_column][\/vc_row][vc_row full_width=\u00a0\u00bbstretch_row\u00a0\u00bb column_spacing=\u00a0\u00bb60&Prime; css=\u00a0\u00bb.vc_custom_1503529767819{padding-top: 80px !important;background-color: #f9f9f9 !important;}\u00a0\u00bb][vc_column width=\u00a0\u00bb1\/3&Prime;][vc_column_text width=\u00a0\u00bb450&Prime; css=\u00a0\u00bb.vc_custom_1575823507717{margin-top: 0px !important;margin-right:&hellip;\" \/>\n<meta property=\"og:url\" content=\"https:\/\/blog-recherche-emploi-construction-batiment-aquitaine.fr\/index.php\/about\/\" \/>\n<meta property=\"og:site_name\" content=\"blog sur la recherche d&#039;emploi en construction et en b\u00e2timent en Aquitaine\" \/>\n<meta property=\"article:modified_time\" content=\"2019-12-08T16:48:10+00:00\" \/>\n<meta name=\"twitter:card\" content=\"summary_large_image\" \/>\n<meta name=\"twitter:label1\" content=\"Dur\u00e9e de lecture estim\u00e9e\" \/>\n\t<meta name=\"twitter:data1\" content=\"6 minutes\" \/>\n<script type=\"application\/ld+json\" class=\"yoast-schema-graph\">{\"@context\":\"https:\/\/schema.org\",\"@graph\":[{\"@type\":\"WebPage\",\"@id\":\"https:\/\/blog-recherche-emploi-construction-batiment-aquitaine.fr\/index.php\/about\/\",\"url\":\"https:\/\/blog-recherche-emploi-construction-batiment-aquitaine.fr\/index.php\/about\/\",\"name\":\"Les chiffres du secteur du B\u00e2timent - blog sur la recherche d&#039;emploi en construction et en b\u00e2timent en Aquitaine\",\"isPartOf\":{\"@id\":\"https:\/\/blog-recherche-emploi-construction-batiment-aquitaine.fr\/#website\"},\"datePublished\":\"2017-08-23T21:28:51+00:00\",\"dateModified\":\"2019-12-08T16:48:10+00:00\",\"breadcrumb\":{\"@id\":\"https:\/\/blog-recherche-emploi-construction-batiment-aquitaine.fr\/index.php\/about\/#breadcrumb\"},\"inLanguage\":\"fr-FR\",\"potentialAction\":[{\"@type\":\"ReadAction\",\"target\":[\"https:\/\/blog-recherche-emploi-construction-batiment-aquitaine.fr\/index.php\/about\/\"]}]},{\"@type\":\"BreadcrumbList\",\"@id\":\"https:\/\/blog-recherche-emploi-construction-batiment-aquitaine.fr\/index.php\/about\/#breadcrumb\",\"itemListElement\":[{\"@type\":\"ListItem\",\"position\":1,\"name\":\"Accueil\",\"item\":\"https:\/\/blog-recherche-emploi-construction-batiment-aquitaine.fr\/\"},{\"@type\":\"ListItem\",\"position\":2,\"name\":\"Les chiffres du secteur du B\u00e2timent\"}]},{\"@type\":\"WebSite\",\"@id\":\"https:\/\/blog-recherche-emploi-construction-batiment-aquitaine.fr\/#website\",\"url\":\"https:\/\/blog-recherche-emploi-construction-batiment-aquitaine.fr\/\",\"name\":\"blog sur la recherche d&#039;emploi en construction et en b\u00e2timent en Aquitaine\",\"description\":\"Un blog de la FFB NA pour promouvoir la recherche d&#039;emploi en construction\",\"publisher\":{\"@id\":\"https:\/\/blog-recherche-emploi-construction-batiment-aquitaine.fr\/#organization\"},\"potentialAction\":[{\"@type\":\"SearchAction\",\"target\":{\"@type\":\"EntryPoint\",\"urlTemplate\":\"https:\/\/blog-recherche-emploi-construction-batiment-aquitaine.fr\/?s={search_term_string}\"},\"query-input\":{\"@type\":\"PropertyValueSpecification\",\"valueRequired\":true,\"valueName\":\"search_term_string\"}}],\"inLanguage\":\"fr-FR\"},{\"@type\":\"Organization\",\"@id\":\"https:\/\/blog-recherche-emploi-construction-batiment-aquitaine.fr\/#organization\",\"name\":\"blog sur la recherche d&#039;emploi en construction et en b\u00e2timent en Aquitaine\",\"url\":\"https:\/\/blog-recherche-emploi-construction-batiment-aquitaine.fr\/\",\"logo\":{\"@type\":\"ImageObject\",\"inLanguage\":\"fr-FR\",\"@id\":\"https:\/\/blog-recherche-emploi-construction-batiment-aquitaine.fr\/#\/schema\/logo\/image\/\",\"url\":\"https:\/\/blog-recherche-emploi-construction-batiment-aquitaine.fr\/wp-content\/uploads\/2019\/11\/logo-site-recherche-emploi-batiment-blanc-100x244.png\",\"contentUrl\":\"https:\/\/blog-recherche-emploi-construction-batiment-aquitaine.fr\/wp-content\/uploads\/2019\/11\/logo-site-recherche-emploi-batiment-blanc-100x244.png\",\"width\":244,\"height\":100,\"caption\":\"blog sur la recherche d&#039;emploi en construction et en b\u00e2timent en Aquitaine\"},\"image\":{\"@id\":\"https:\/\/blog-recherche-emploi-construction-batiment-aquitaine.fr\/#\/schema\/logo\/image\/\"}}]}<\/script>\n<!-- \/ Yoast SEO plugin. -->","yoast_head_json":{"title":"Les chiffres du secteur du B\u00e2timent - blog sur la recherche d&#039;emploi en construction et en b\u00e2timent en Aquitaine","robots":{"index":"index","follow":"follow","max-snippet":"max-snippet:-1","max-image-preview":"max-image-preview:large","max-video-preview":"max-video-preview:-1"},"canonical":"https:\/\/blog-recherche-emploi-construction-batiment-aquitaine.fr\/index.php\/about\/","og_locale":"fr_FR","og_type":"article","og_title":"Les chiffres du secteur du B\u00e2timent - blog sur la recherche d&#039;emploi en construction et en b\u00e2timent en Aquitaine","og_description":"[vc_row][vc_column][\/vc_column][\/vc_row][vc_row column_spacing=\u00a0\u00bb60&Prime; css=\u00a0\u00bb.vc_custom_1503529746815{padding-top: 20px !important;}\u00a0\u00bb][vc_column width=\u00a0\u00bb1\/3&Prime;][vc_column_text width=\u00a0\u00bb450&Prime; css=\u00a0\u00bb.vc_custom_1574381350671{margin-top: 0px !important;margin-right: 0px !important;margin-bottom: 0px !important;margin-left: 0px !important;}\u00a0\u00bb]Le secteur du BTP Fran\u00e7ais en chiffres : Salari\u00e9s, Entreprises, apprentis&#8230;.[\/vc_column_text][\/vc_column][vc_column width=\u00a0\u00bb2\/3&Prime;][vc_single_image image=\u00a0\u00bb236&Prime;][\/vc_column][\/vc_row][vc_row full_width=\u00a0\u00bbstretch_row\u00a0\u00bb column_spacing=\u00a0\u00bb60&Prime; css=\u00a0\u00bb.vc_custom_1503529767819{padding-top: 80px !important;background-color: #f9f9f9 !important;}\u00a0\u00bb][vc_column width=\u00a0\u00bb1\/3&Prime;][vc_column_text width=\u00a0\u00bb450&Prime; css=\u00a0\u00bb.vc_custom_1575823507717{margin-top: 0px !important;margin-right:&hellip;","og_url":"https:\/\/blog-recherche-emploi-construction-batiment-aquitaine.fr\/index.php\/about\/","og_site_name":"blog sur la recherche d&#039;emploi en construction et en b\u00e2timent en Aquitaine","article_modified_time":"2019-12-08T16:48:10+00:00","twitter_card":"summary_large_image","twitter_misc":{"Dur\u00e9e de lecture estim\u00e9e":"6 minutes"},"schema":{"@context":"https:\/\/schema.org","@graph":[{"@type":"WebPage","@id":"https:\/\/blog-recherche-emploi-construction-batiment-aquitaine.fr\/index.php\/about\/","url":"https:\/\/blog-recherche-emploi-construction-batiment-aquitaine.fr\/index.php\/about\/","name":"Les chiffres du secteur du B\u00e2timent - blog sur la recherche d&#039;emploi en construction et en b\u00e2timent en Aquitaine","isPartOf":{"@id":"https:\/\/blog-recherche-emploi-construction-batiment-aquitaine.fr\/#website"},"datePublished":"2017-08-23T21:28:51+00:00","dateModified":"2019-12-08T16:48:10+00:00","breadcrumb":{"@id":"https:\/\/blog-recherche-emploi-construction-batiment-aquitaine.fr\/index.php\/about\/#breadcrumb"},"inLanguage":"fr-FR","potentialAction":[{"@type":"ReadAction","target":["https:\/\/blog-recherche-emploi-construction-batiment-aquitaine.fr\/index.php\/about\/"]}]},{"@type":"BreadcrumbList","@id":"https:\/\/blog-recherche-emploi-construction-batiment-aquitaine.fr\/index.php\/about\/#breadcrumb","itemListElement":[{"@type":"ListItem","position":1,"name":"Accueil","item":"https:\/\/blog-recherche-emploi-construction-batiment-aquitaine.fr\/"},{"@type":"ListItem","position":2,"name":"Les chiffres du secteur du B\u00e2timent"}]},{"@type":"WebSite","@id":"https:\/\/blog-recherche-emploi-construction-batiment-aquitaine.fr\/#website","url":"https:\/\/blog-recherche-emploi-construction-batiment-aquitaine.fr\/","name":"blog sur la recherche d&#039;emploi en construction et en b\u00e2timent en Aquitaine","description":"Un blog de la FFB NA pour promouvoir la recherche d&#039;emploi en construction","publisher":{"@id":"https:\/\/blog-recherche-emploi-construction-batiment-aquitaine.fr\/#organization"},"potentialAction":[{"@type":"SearchAction","target":{"@type":"EntryPoint","urlTemplate":"https:\/\/blog-recherche-emploi-construction-batiment-aquitaine.fr\/?s={search_term_string}"},"query-input":{"@type":"PropertyValueSpecification","valueRequired":true,"valueName":"search_term_string"}}],"inLanguage":"fr-FR"},{"@type":"Organization","@id":"https:\/\/blog-recherche-emploi-construction-batiment-aquitaine.fr\/#organization","name":"blog sur la recherche d&#039;emploi en construction et en b\u00e2timent en Aquitaine","url":"https:\/\/blog-recherche-emploi-construction-batiment-aquitaine.fr\/","logo":{"@type":"ImageObject","inLanguage":"fr-FR","@id":"https:\/\/blog-recherche-emploi-construction-batiment-aquitaine.fr\/#\/schema\/logo\/image\/","url":"https:\/\/blog-recherche-emploi-construction-batiment-aquitaine.fr\/wp-content\/uploads\/2019\/11\/logo-site-recherche-emploi-batiment-blanc-100x244.png","contentUrl":"https:\/\/blog-recherche-emploi-construction-batiment-aquitaine.fr\/wp-content\/uploads\/2019\/11\/logo-site-recherche-emploi-batiment-blanc-100x244.png","width":244,"height":100,"caption":"blog sur la recherche d&#039;emploi en construction et en b\u00e2timent en Aquitaine"},"image":{"@id":"https:\/\/blog-recherche-emploi-construction-batiment-aquitaine.fr\/#\/schema\/logo\/image\/"}}]}},"_links":{"self":[{"href":"https:\/\/blog-recherche-emploi-construction-batiment-aquitaine.fr\/index.php\/wp-json\/wp\/v2\/pages\/122","targetHints":{"allow":["GET"]}}],"collection":[{"href":"https:\/\/blog-recherche-emploi-construction-batiment-aquitaine.fr\/index.php\/wp-json\/wp\/v2\/pages"}],"about":[{"href":"https:\/\/blog-recherche-emploi-construction-batiment-aquitaine.fr\/index.php\/wp-json\/wp\/v2\/types\/page"}],"author":[{"embeddable":true,"href":"https:\/\/blog-recherche-emploi-construction-batiment-aquitaine.fr\/index.php\/wp-json\/wp\/v2\/users\/1"}],"replies":[{"embeddable":true,"href":"https:\/\/blog-recherche-emploi-construction-batiment-aquitaine.fr\/index.php\/wp-json\/wp\/v2\/comments?post=122"}],"version-history":[{"count":25,"href":"https:\/\/blog-recherche-emploi-construction-batiment-aquitaine.fr\/index.php\/wp-json\/wp\/v2\/pages\/122\/revisions"}],"predecessor-version":[{"id":402,"href":"https:\/\/blog-recherche-emploi-construction-batiment-aquitaine.fr\/index.php\/wp-json\/wp\/v2\/pages\/122\/revisions\/402"}],"wp:attachment":[{"href":"https:\/\/blog-recherche-emploi-construction-batiment-aquitaine.fr\/index.php\/wp-json\/wp\/v2\/media?parent=122"}],"curies":[{"name":"wp","href":"https:\/\/api.w.org\/{rel}","templated":true}]}}