{"id":353,"date":"2019-12-08T02:29:17","date_gmt":"2019-12-08T01:29:17","guid":{"rendered":"http:\/\/blog-recherche-emploi-construction-batiment-nouvelle-aquitaine.fr\/?page_id=353"},"modified":"2019-12-08T18:11:38","modified_gmt":"2019-12-08T17:11:38","slug":"la-preparation-de-votre-candidature","status":"publish","type":"page","link":"https:\/\/blog-recherche-emploi-construction-batiment-aquitaine.fr\/index.php\/la-preparation-de-votre-candidature\/","title":{"rendered":"La lettre de motivation"},"content":{"rendered":"[vc_row css=\u00a0\u00bb.vc_custom_1575771561364{background-image: url(http:\/\/blog-recherche-emploi-construction-batiment-nouvelle-aquitaine.fr\/wp-content\/uploads\/2019\/11\/recherche-emploi-construction-batiment-nouvelle-aquitaine-image-de-chantier-de-dos.png?id=225) !important;}\u00a0\u00bb][vc_column][vc_empty_space]<h1 class=\"vcex-module vcex-heading vcex-heading-plain\" data-wpex-hover=\"{&quot;color&quot;:&quot;#1e73be&quot;}\" style=\"color:#ffffff;text-align:center;\"><span class=\"vcex-heading-inner clr\">LA LETTRE DE MOTIVATION<\/span><\/h1>[vc_column_text color=\u00a0\u00bb#ffffff\u00a0\u00bb]\n<h3 style=\"text-align: center;\">La lettre de motivation est votre premier contact avec un recruteur, n&rsquo;oublions pas que son but est d&rsquo;obtenir un entretien.<\/h3>\n<h3><\/h3>\n<h3 style=\"text-align: center;\">Voici nos conseils, tant sur la forme que sur le fond, pour r\u00e9ussir vos candidatures.<\/h3>\n[\/vc_column_text][\/vc_column][\/vc_row][vc_row][vc_column][vc_column_text]\n<h3 style=\"text-align: justify;\">RESPECTEZ LES R\u00c8GLES POUR LA FORME DE VOTRE LETTRE DE MOTIVATION<\/h3>\n\n<p style=\"text-align: justify;\">Il faut d&rsquo;abord donner toutes les informations obligatoires :<\/p>\n<ul style=\"text-align: justify;\">\n<li>Votre identit\u00e9 : commencez, en haut \u00e0 gauche, par votre : nom, pr\u00e9nom, adresse, votre num\u00e9ro de t\u00e9l\u00e9phone et votre e-mail.<\/li>\n<li>L\u2019identit\u00e9 de votre interlocuteur, \u00e0 droite, il faut stipuler le nom de la soci\u00e9t\u00e9 et si l\u2019annonce d\u00e9signe une personne pr\u00e9cise, adressez-la \u00e0 cette personne.<\/li>\n<li>L\u2019objet : inscrit comme un titre, il reprend le titre du poste et la r\u00e9f\u00e9rence de l\u2019annonce si il y en a une.<\/li>\n<\/ul>\n\n<p style=\"text-align: justify;\"><strong>2. Structurer les informations en 3 grandes parties<\/strong><\/p>\n\n<ul class=\"wp-block-list\" style=\"text-align: justify;\">\n<li>\u00ab Vous \u00bb : Cette premi\u00e8re partie \u00e0 pour objectif de montrer que vous connaissez l\u2019entreprise et que vous avez compris le besoin du recruteur. Utilisez le vocabulaire propre au secteur d\u2019activit\u00e9 ou \u00e0 l\u2019entreprise.<\/li>\n<li>\u00ab Moi \u00bb : Expliquez en quoi votre profil correspond \u00e0 la demande du recruteur. Nous vous conseillons d\u2019illustrer ce paragraphe avec des exemples issus de votre parcours, pour valoriser vos comp\u00e9tences relatives \u00e0 l&rsquo;offre d&#8217;emploi. Soyez positif, utilisez des verbes d\u2019action : je suis, j\u2019ai cr\u00e9\u00e9, j&rsquo;ai fait\u2026<\/li>\n<li>\u00ab Nous \u00bb : En conclusion, vous d\u00e9montrez les b\u00e9n\u00e9fices mutuels pour l\u2019entreprise et pour vous et ce que vous pourrez apporter et quelles sont vos motivations.<\/li>\n<\/ul>\n\n<p style=\"text-align: justify;\"><strong>3. Soyez poli<\/strong><\/p>\n<p style=\"text-align: justify;\">La lettre de motivation est un exercice de style qui juge votre capacit\u00e9 \u00e0 \u00e9crire une lettre formelle. Commencez avec un en-t\u00eate (\u00ab Madame, Monsieur \u00bb) et finissez avec une formule de politesse (\u00ab Veuillez agr\u00e9er, Madame, Monsieur\u2026 \u00bb).<\/p>\n\n<p style=\"text-align: justify;\"><strong>4. Restez clair et concis<\/strong><\/p>\n\n<ul class=\"wp-block-list\" style=\"text-align: justify;\">\n<li>Une page maximum.<\/li>\n<li>Une seule police de caract\u00e8re, ni trop petite, ni trop grosse.<\/li>\n<li>Une mise en page a\u00e9r\u00e9e avec des paragraphes facilement identifiables.<\/li>\n<\/ul>\n\n<p style=\"text-align: justify;\"><strong>5. Il est tr\u00e8s important de v\u00e9rifier l&rsquo;orthographe et la grammaire<\/strong><\/p>\n<p style=\"text-align: justify;\">Les correcteurs orthographiques ne suffisent pas. Relisez-vous attentivement plusieurs fois et si c&rsquo;est possible faites-vous relire par une autre personne pour chasser les fautes d\u2019orthographe, grammaire\u2026 et de frappe. Une candidature pertinente contenant des fautes est rapidement \u00e9limin\u00e9e !<\/p>\n<!-- \/wp:post-content -->[\/vc_column_text][\/vc_column][\/vc_row][vc_row css=\u00a0\u00bb.vc_custom_1575824882394{background-color: #598fbf !important;}\u00a0\u00bb][vc_column][vc_column_text color=\u00a0\u00bb#000000&Prime; css=\u00a0\u00bb.vc_custom_1575825045173{background-color: #568ebf !important;}\u00a0\u00bb]<!-- wp:paragraph \/-->\n<p><!-- wp:paragraph \/--><br \/>\n<!-- wp:heading --><\/p>\n<h2 style=\"text-align: justify;\">LE FOND : C&rsquo;EST LA PARTIE QUI DOIT VOUS PERMETTRE DE VOUS DIFF\u00c9RENCIER DES AUTRES CANDIDATS<\/h2>\n<!-- \/wp:heading -->\n<p style=\"text-align: justify;\"><!-- wp:paragraph --><strong>\u00a06. Une candidature = une lettre<\/strong><\/p>\n<p><!-- \/wp:paragraph --><br \/>\n<!-- wp:list --><\/p>\n<ul style=\"text-align: justify;\">\n<li>Nous vous conseillons de faire votre lettre de motivation \u00e0 partir d\u2019une page blanche. En effet retravailler une lettre, c\u2019est risquer de laisser de vieilles informations.<\/li>\n<li>Le contenu doit \u00eatre diff\u00e9rent pour chaque candidature. Evidemment vous pouvez vous inspirez de vos pr\u00e9c\u00e9dentes lettres\u2026 mais obligez-vous \u00e0 changer au minimum 3 phrases dans votre lettre pour la personnaliser.<\/li>\n<\/ul>\n<!-- \/wp:list -->\n<p style=\"text-align: justify;\"><!-- wp:paragraph --><strong>7. Apporter des preuves pour \u00e9tayer ce que vous dites<\/strong><\/p>\n<p style=\"text-align: justify;\"><!-- wp:paragraph -->Chaque affirmation doit \u00eatre prouv\u00e9e. Si vous voulez \u00e9crire que vous \u00eates cr\u00e9atif alors, expliquez en quelques mots une de vos principales r\u00e9alisation.<\/p>\n<!-- \/wp:paragraph --><!-- \/wp:paragraph -->\n<p style=\"text-align: justify;\"><!-- wp:paragraph --><strong>8. Soyez original\u2026<\/strong><\/p>\n<p><!-- \/wp:paragraph --><br \/>\n<!-- wp:list --><\/p>\n<ul style=\"text-align: justify;\">\n<li>Les premiers mots de votre lettre doivent capter l\u2019attention de votre lecteur.<\/li>\n<li>Enrichissez votre vocabulaire, utilisez des synonymes. Les recruteurs lisent trop de lettres de candidats \u00ab comp\u00e9tents \u00bb, \u00ab dynamiques \u00bb, \u00ab s\u00e9rieux \u00bb.<\/li>\n<\/ul>\n<!-- \/wp:list -->\n<p style=\"text-align: justify;\"><!-- wp:paragraph --><strong>9. \u2026 en gardant le contr\u00f4le !<\/strong><\/p>\n<p><!-- \/wp:paragraph --><br \/>\n<!-- wp:list --><\/p>\n<ul style=\"text-align: justify;\">\n<li>Il ne faut pas devenir familier avec le recruteur et conserver de la distance avec votre interlocuteur.<\/li>\n<li>Vous pouvez utiliser l&rsquo;humour mais avec pr\u00e9caution : car il peut vous diff\u00e9rencier des autres candidats, mais il peut aussi vous desservir.<\/li>\n<\/ul>\n<!-- \/wp:list -->\n<p style=\"text-align: justify;\"><!-- wp:paragraph --><strong>10. Voici \u00e9galement une liste d&rsquo;erreurs \u00e0 \u00e9viter<\/strong><\/p>\n<p><!-- \/wp:paragraph --><br \/>\n<!-- wp:list --><\/p>\n<ul style=\"text-align: justify;\">\n<li>Critiquer vos anciens employeurs : malgr\u00e9 l&rsquo;envie ou les raisons qui peuvent vous y inciter c&rsquo;est g\u00e9n\u00e9ralement toujours mal per\u00e7u.<\/li>\n<li>Ne pas en rajouter quand vous vous vendez : Il est inutile de gonfler vos comp\u00e9tences, tout sera v\u00e9rifi\u00e9 lors de l\u2019entretien et par la suite.<\/li>\n<li>Il ne faut pas vouloir \u00e9taler votre parcours au complet : c\u2019est inutile puisque vous joignez votre CV.<\/li>\n<\/ul>\n<p><!-- \/wp:list --><!-- \/wp:paragraph -->[\/vc_column_text][\/vc_column][\/vc_row]\n","protected":false},"excerpt":{"rendered":"<p>[vc_row css=\u00a0\u00bb.vc_custom_1575771561364{background-image: url(http:\/\/blog-recherche-emploi-construction-batiment-nouvelle-aquitaine.fr\/wp-content\/uploads\/2019\/11\/recherche-emploi-construction-batiment-nouvelle-aquitaine-image-de-chantier-de-dos.png?id=225) !important;}\u00a0\u00bb][vc_column][vc_empty_space][vc_column_text color=\u00a0\u00bb#ffffff\u00a0\u00bb] La lettre de motivation est votre premier contact avec un recruteur, n&rsquo;oublions pas que son but est d&rsquo;obtenir un entretien. Voici nos conseils, tant sur la forme que sur le fond, pour r\u00e9ussir vos candidatures.&hellip;<\/p>\n","protected":false},"author":1,"featured_media":0,"parent":0,"menu_order":0,"comment_status":"closed","ping_status":"closed","template":"","meta":{"footnotes":""},"class_list":["post-353","page","type-page","status-publish","hentry","entry","no-media"],"yoast_head":"<!-- This site is optimized with the Yoast SEO plugin v25.3 - https:\/\/yoast.com\/wordpress\/plugins\/seo\/ -->\n<title>La lettre de motivation - blog sur la recherche d&#039;emploi en construction et en b\u00e2timent en Aquitaine<\/title>\n<meta name=\"robots\" content=\"index, follow, max-snippet:-1, max-image-preview:large, max-video-preview:-1\" \/>\n<link rel=\"canonical\" href=\"https:\/\/blog-recherche-emploi-construction-batiment-aquitaine.fr\/index.php\/la-preparation-de-votre-candidature\/\" \/>\n<meta property=\"og:locale\" content=\"fr_FR\" \/>\n<meta property=\"og:type\" content=\"article\" \/>\n<meta property=\"og:title\" content=\"La lettre de motivation - blog sur la recherche d&#039;emploi en construction et en b\u00e2timent en Aquitaine\" \/>\n<meta property=\"og:description\" content=\"[vc_row css=\u00a0\u00bb.vc_custom_1575771561364{background-image: url(http:\/\/blog-recherche-emploi-construction-batiment-nouvelle-aquitaine.fr\/wp-content\/uploads\/2019\/11\/recherche-emploi-construction-batiment-nouvelle-aquitaine-image-de-chantier-de-dos.png?id=225) !important;}\u00a0\u00bb][vc_column][vc_empty_space][vc_column_text color=\u00a0\u00bb#ffffff\u00a0\u00bb] La lettre de motivation est votre premier contact avec un recruteur, n&rsquo;oublions pas que son but est d&rsquo;obtenir un entretien. Voici nos conseils, tant sur la forme que sur le fond, pour r\u00e9ussir vos candidatures.&hellip;\" \/>\n<meta property=\"og:url\" content=\"https:\/\/blog-recherche-emploi-construction-batiment-aquitaine.fr\/index.php\/la-preparation-de-votre-candidature\/\" \/>\n<meta property=\"og:site_name\" content=\"blog sur la recherche d&#039;emploi en construction et en b\u00e2timent en Aquitaine\" \/>\n<meta property=\"article:modified_time\" content=\"2019-12-08T17:11:38+00:00\" \/>\n<meta name=\"twitter:card\" content=\"summary_large_image\" \/>\n<meta name=\"twitter:label1\" content=\"Dur\u00e9e de lecture estim\u00e9e\" \/>\n\t<meta name=\"twitter:data1\" content=\"4 minutes\" \/>\n<script type=\"application\/ld+json\" class=\"yoast-schema-graph\">{\"@context\":\"https:\/\/schema.org\",\"@graph\":[{\"@type\":\"WebPage\",\"@id\":\"https:\/\/blog-recherche-emploi-construction-batiment-aquitaine.fr\/index.php\/la-preparation-de-votre-candidature\/\",\"url\":\"https:\/\/blog-recherche-emploi-construction-batiment-aquitaine.fr\/index.php\/la-preparation-de-votre-candidature\/\",\"name\":\"La lettre de motivation - blog sur la recherche d&#039;emploi en construction et en b\u00e2timent en Aquitaine\",\"isPartOf\":{\"@id\":\"https:\/\/blog-recherche-emploi-construction-batiment-aquitaine.fr\/#website\"},\"datePublished\":\"2019-12-08T01:29:17+00:00\",\"dateModified\":\"2019-12-08T17:11:38+00:00\",\"breadcrumb\":{\"@id\":\"https:\/\/blog-recherche-emploi-construction-batiment-aquitaine.fr\/index.php\/la-preparation-de-votre-candidature\/#breadcrumb\"},\"inLanguage\":\"fr-FR\",\"potentialAction\":[{\"@type\":\"ReadAction\",\"target\":[\"https:\/\/blog-recherche-emploi-construction-batiment-aquitaine.fr\/index.php\/la-preparation-de-votre-candidature\/\"]}]},{\"@type\":\"BreadcrumbList\",\"@id\":\"https:\/\/blog-recherche-emploi-construction-batiment-aquitaine.fr\/index.php\/la-preparation-de-votre-candidature\/#breadcrumb\",\"itemListElement\":[{\"@type\":\"ListItem\",\"position\":1,\"name\":\"Accueil\",\"item\":\"https:\/\/blog-recherche-emploi-construction-batiment-aquitaine.fr\/\"},{\"@type\":\"ListItem\",\"position\":2,\"name\":\"La lettre de motivation\"}]},{\"@type\":\"WebSite\",\"@id\":\"https:\/\/blog-recherche-emploi-construction-batiment-aquitaine.fr\/#website\",\"url\":\"https:\/\/blog-recherche-emploi-construction-batiment-aquitaine.fr\/\",\"name\":\"blog sur la recherche d&#039;emploi en construction et en b\u00e2timent en Aquitaine\",\"description\":\"Un blog de la FFB NA pour promouvoir la recherche d&#039;emploi en construction\",\"publisher\":{\"@id\":\"https:\/\/blog-recherche-emploi-construction-batiment-aquitaine.fr\/#organization\"},\"potentialAction\":[{\"@type\":\"SearchAction\",\"target\":{\"@type\":\"EntryPoint\",\"urlTemplate\":\"https:\/\/blog-recherche-emploi-construction-batiment-aquitaine.fr\/?s={search_term_string}\"},\"query-input\":{\"@type\":\"PropertyValueSpecification\",\"valueRequired\":true,\"valueName\":\"search_term_string\"}}],\"inLanguage\":\"fr-FR\"},{\"@type\":\"Organization\",\"@id\":\"https:\/\/blog-recherche-emploi-construction-batiment-aquitaine.fr\/#organization\",\"name\":\"blog sur la recherche d&#039;emploi en construction et en b\u00e2timent en Aquitaine\",\"url\":\"https:\/\/blog-recherche-emploi-construction-batiment-aquitaine.fr\/\",\"logo\":{\"@type\":\"ImageObject\",\"inLanguage\":\"fr-FR\",\"@id\":\"https:\/\/blog-recherche-emploi-construction-batiment-aquitaine.fr\/#\/schema\/logo\/image\/\",\"url\":\"https:\/\/blog-recherche-emploi-construction-batiment-aquitaine.fr\/wp-content\/uploads\/2019\/11\/logo-site-recherche-emploi-batiment-blanc-100x244.png\",\"contentUrl\":\"https:\/\/blog-recherche-emploi-construction-batiment-aquitaine.fr\/wp-content\/uploads\/2019\/11\/logo-site-recherche-emploi-batiment-blanc-100x244.png\",\"width\":244,\"height\":100,\"caption\":\"blog sur la recherche d&#039;emploi en construction et en b\u00e2timent en Aquitaine\"},\"image\":{\"@id\":\"https:\/\/blog-recherche-emploi-construction-batiment-aquitaine.fr\/#\/schema\/logo\/image\/\"}}]}<\/script>\n<!-- \/ Yoast SEO plugin. -->","yoast_head_json":{"title":"La lettre de motivation - blog sur la recherche d&#039;emploi en construction et en b\u00e2timent en Aquitaine","robots":{"index":"index","follow":"follow","max-snippet":"max-snippet:-1","max-image-preview":"max-image-preview:large","max-video-preview":"max-video-preview:-1"},"canonical":"https:\/\/blog-recherche-emploi-construction-batiment-aquitaine.fr\/index.php\/la-preparation-de-votre-candidature\/","og_locale":"fr_FR","og_type":"article","og_title":"La lettre de motivation - blog sur la recherche d&#039;emploi en construction et en b\u00e2timent en Aquitaine","og_description":"[vc_row css=\u00a0\u00bb.vc_custom_1575771561364{background-image: url(http:\/\/blog-recherche-emploi-construction-batiment-nouvelle-aquitaine.fr\/wp-content\/uploads\/2019\/11\/recherche-emploi-construction-batiment-nouvelle-aquitaine-image-de-chantier-de-dos.png?id=225) !important;}\u00a0\u00bb][vc_column][vc_empty_space][vc_column_text color=\u00a0\u00bb#ffffff\u00a0\u00bb] La lettre de motivation est votre premier contact avec un recruteur, n&rsquo;oublions pas que son but est d&rsquo;obtenir un entretien. Voici nos conseils, tant sur la forme que sur le fond, pour r\u00e9ussir vos candidatures.&hellip;","og_url":"https:\/\/blog-recherche-emploi-construction-batiment-aquitaine.fr\/index.php\/la-preparation-de-votre-candidature\/","og_site_name":"blog sur la recherche d&#039;emploi en construction et en b\u00e2timent en Aquitaine","article_modified_time":"2019-12-08T17:11:38+00:00","twitter_card":"summary_large_image","twitter_misc":{"Dur\u00e9e de lecture estim\u00e9e":"4 minutes"},"schema":{"@context":"https:\/\/schema.org","@graph":[{"@type":"WebPage","@id":"https:\/\/blog-recherche-emploi-construction-batiment-aquitaine.fr\/index.php\/la-preparation-de-votre-candidature\/","url":"https:\/\/blog-recherche-emploi-construction-batiment-aquitaine.fr\/index.php\/la-preparation-de-votre-candidature\/","name":"La lettre de motivation - blog sur la recherche d&#039;emploi en construction et en b\u00e2timent en Aquitaine","isPartOf":{"@id":"https:\/\/blog-recherche-emploi-construction-batiment-aquitaine.fr\/#website"},"datePublished":"2019-12-08T01:29:17+00:00","dateModified":"2019-12-08T17:11:38+00:00","breadcrumb":{"@id":"https:\/\/blog-recherche-emploi-construction-batiment-aquitaine.fr\/index.php\/la-preparation-de-votre-candidature\/#breadcrumb"},"inLanguage":"fr-FR","potentialAction":[{"@type":"ReadAction","target":["https:\/\/blog-recherche-emploi-construction-batiment-aquitaine.fr\/index.php\/la-preparation-de-votre-candidature\/"]}]},{"@type":"BreadcrumbList","@id":"https:\/\/blog-recherche-emploi-construction-batiment-aquitaine.fr\/index.php\/la-preparation-de-votre-candidature\/#breadcrumb","itemListElement":[{"@type":"ListItem","position":1,"name":"Accueil","item":"https:\/\/blog-recherche-emploi-construction-batiment-aquitaine.fr\/"},{"@type":"ListItem","position":2,"name":"La lettre de motivation"}]},{"@type":"WebSite","@id":"https:\/\/blog-recherche-emploi-construction-batiment-aquitaine.fr\/#website","url":"https:\/\/blog-recherche-emploi-construction-batiment-aquitaine.fr\/","name":"blog sur la recherche d&#039;emploi en construction et en b\u00e2timent en Aquitaine","description":"Un blog de la FFB NA pour promouvoir la recherche d&#039;emploi en construction","publisher":{"@id":"https:\/\/blog-recherche-emploi-construction-batiment-aquitaine.fr\/#organization"},"potentialAction":[{"@type":"SearchAction","target":{"@type":"EntryPoint","urlTemplate":"https:\/\/blog-recherche-emploi-construction-batiment-aquitaine.fr\/?s={search_term_string}"},"query-input":{"@type":"PropertyValueSpecification","valueRequired":true,"valueName":"search_term_string"}}],"inLanguage":"fr-FR"},{"@type":"Organization","@id":"https:\/\/blog-recherche-emploi-construction-batiment-aquitaine.fr\/#organization","name":"blog sur la recherche d&#039;emploi en construction et en b\u00e2timent en Aquitaine","url":"https:\/\/blog-recherche-emploi-construction-batiment-aquitaine.fr\/","logo":{"@type":"ImageObject","inLanguage":"fr-FR","@id":"https:\/\/blog-recherche-emploi-construction-batiment-aquitaine.fr\/#\/schema\/logo\/image\/","url":"https:\/\/blog-recherche-emploi-construction-batiment-aquitaine.fr\/wp-content\/uploads\/2019\/11\/logo-site-recherche-emploi-batiment-blanc-100x244.png","contentUrl":"https:\/\/blog-recherche-emploi-construction-batiment-aquitaine.fr\/wp-content\/uploads\/2019\/11\/logo-site-recherche-emploi-batiment-blanc-100x244.png","width":244,"height":100,"caption":"blog sur la recherche d&#039;emploi en construction et en b\u00e2timent en Aquitaine"},"image":{"@id":"https:\/\/blog-recherche-emploi-construction-batiment-aquitaine.fr\/#\/schema\/logo\/image\/"}}]}},"_links":{"self":[{"href":"https:\/\/blog-recherche-emploi-construction-batiment-aquitaine.fr\/index.php\/wp-json\/wp\/v2\/pages\/353","targetHints":{"allow":["GET"]}}],"collection":[{"href":"https:\/\/blog-recherche-emploi-construction-batiment-aquitaine.fr\/index.php\/wp-json\/wp\/v2\/pages"}],"about":[{"href":"https:\/\/blog-recherche-emploi-construction-batiment-aquitaine.fr\/index.php\/wp-json\/wp\/v2\/types\/page"}],"author":[{"embeddable":true,"href":"https:\/\/blog-recherche-emploi-construction-batiment-aquitaine.fr\/index.php\/wp-json\/wp\/v2\/users\/1"}],"replies":[{"embeddable":true,"href":"https:\/\/blog-recherche-emploi-construction-batiment-aquitaine.fr\/index.php\/wp-json\/wp\/v2\/comments?post=353"}],"version-history":[{"count":16,"href":"https:\/\/blog-recherche-emploi-construction-batiment-aquitaine.fr\/index.php\/wp-json\/wp\/v2\/pages\/353\/revisions"}],"predecessor-version":[{"id":414,"href":"https:\/\/blog-recherche-emploi-construction-batiment-aquitaine.fr\/index.php\/wp-json\/wp\/v2\/pages\/353\/revisions\/414"}],"wp:attachment":[{"href":"https:\/\/blog-recherche-emploi-construction-batiment-aquitaine.fr\/index.php\/wp-json\/wp\/v2\/media?parent=353"}],"curies":[{"name":"wp","href":"https:\/\/api.w.org\/{rel}","templated":true}]}}