{"id":369,"date":"2019-12-08T03:35:03","date_gmt":"2019-12-08T02:35:03","guid":{"rendered":"http:\/\/blog-recherche-emploi-construction-batiment-nouvelle-aquitaine.fr\/?page_id=369"},"modified":"2019-12-08T18:17:33","modified_gmt":"2019-12-08T17:17:33","slug":"la-preparation-de-votre-candidature-realiser-un-bon-cv","status":"publish","type":"page","link":"https:\/\/blog-recherche-emploi-construction-batiment-aquitaine.fr\/index.php\/la-preparation-de-votre-candidature-realiser-un-bon-cv\/","title":{"rendered":"R\u00e9aliser un CV efficace et percutant"},"content":{"rendered":"[vc_row css=\u00a0\u00bb.vc_custom_1575773239163{background-image: url(http:\/\/blog-recherche-emploi-construction-batiment-nouvelle-aquitaine.fr\/wp-content\/uploads\/2019\/11\/recherche-emploi-construction-batiment-nouvelle-aquitaine-image-de-chantier-de-dos.png?id=225) !important;}\u00a0\u00bb][vc_column][vc_empty_space][vc_empty_space]<h1 class=\"vcex-module vcex-heading vcex-heading-plain\" style=\"color:#ffffff;text-align:center;\"><span class=\"vcex-heading-inner clr\">VOTRE CV DOIT ETRE CLAIR, BIEN PR\u00c9SENT\u00c9, A\u00c9R\u00c9 ET STRUCTUR\u00c9<\/span><\/h1>[vc_column_text color=\u00a0\u00bb#ffffff\u00a0\u00bb]\n<h1 style=\"text-align: center;\"><\/h1>\n<h3 style=\"text-align: center;\">Le bon CV doit rendre le travail de l\u2019employeur plus facile et lui permettre de lire directement les informations les plus importantes.<\/h3>\n<h3 style=\"text-align: center;\">C&rsquo;est la premi\u00e8re impression que l\u2019employeur aura de vous, prenez-en soin.<\/h3>\n<p>&nbsp;[\/vc_column_text][\/vc_column][\/vc_row][vc_row][vc_column][vc_column_text]\n<h2>LES POINTS A RESPECTER<\/h2>\n<ul>\n<li><strong>Il vous faut un titre qui face office d&rsquo;accroche pour d\u00e9buter votre CV<\/strong> :\u00a0 l&#8217;employeur, doit y trouver votre projet professionnel, et l&rsquo;atout que vous mettez en avant ou les comp\u00e9tences de votre profil.<\/li>\n<li><strong>C&rsquo;est toujours mieux de vous pr\u00e9senter sur une photo. <\/strong>\u00a0La photo n&rsquo;est pas obligatoire, mais un visage souriant est plus engageant qu\u2019un CV vide.<\/li>\n<li><strong>D\u00e9taillez votre exp\u00e9rience<\/strong> : avec vos comp\u00e9tences, savoir-faire, soyez concis en mettant en avant ce que recherche le recruteur. Ne communiquez que sur ce qui vous aidera \u00e0 obtenir un entretien.<\/li>\n<li><strong>Valorisez vos comp\u00e9tences et connaissances sp\u00e9cifiques<\/strong> : Il s\u2019agit g\u00e9n\u00e9ralement de la ma\u00eetrise d\u2019outils ou de m\u00e9thodes particuli\u00e8rement utiles au poste (permis de conducteur d&rsquo;engin, ma\u00eetrise de la soudure\u2026 ).<\/li>\n<li><strong>Citez vos activit\u00e9s extra-professionnelles<\/strong> : sports, centres d\u2019int\u00e9r\u00eat, activit\u00e9s b\u00e9n\u00e9voles&#8230; : par exemple un loisir dans lequel vous d\u00e9veloppez des qualit\u00e9s ou des connaissances utiles \u00e0 votre objectif.<\/li>\n<\/ul>\n[\/vc_column_text][\/vc_column][\/vc_row][vc_row css=\u00a0\u00bb.vc_custom_1575773533687{background-color: #1e73be !important;}\u00a0\u00bb][vc_column][vc_column_text color=\u00a0\u00bb#000000&Prime;]\n<h2 style=\"text-align: center;\">LES CLEFS D&rsquo;UN CV R\u00c9USSI<\/h2>\n<h2 style=\"text-align: center;\"><strong>Etre clair et pr\u00e9cis sur votre exp\u00e9rience et vos comp\u00e9tences.<\/strong><\/h2>\n<h2 style=\"text-align: center;\"><strong>Apportez les preuves que vous correspondez au poste.<\/strong><\/h2>\n<h2 style=\"text-align: center;\"><strong>Incitez l&#8217;employeur \u00e0 en savoir plus sur vous et \u00e0 vous rencontrer.<\/strong><\/h2>\n[\/vc_column_text][\/vc_column][\/vc_row][vc_row][vc_column][vc_column_text]\n<h2>NOS ASTUCES ET CONSEILS<\/h2>\n<ul>\n<li>A la lecture de votre CV, l\u2019employeur doit directement comprendre ce que vous proposez. Vous trouverez sur Internet et sur Word des milliers de mod\u00e8les de CV qui peuvent vous \u00eatres utiles. Si vous avez peu d\u2019exp\u00e9riences \u00e0 mettre en valeur, n\u2019h\u00e9sitez pas \u00e0 rajouter des textes d\u00e9taillant votre projet, vos motivations ou vos comp\u00e9tences et qualit\u00e9s.<\/li>\n<li>Pensez au lien URL ( l&rsquo;adresse internet ) pour rediriger vers votre site personnel, votre blog, le site de votre entreprise actuelle&#8230;<\/li>\n<li>Nous vous conseillons de toujours convertir votre CV au format PDF avant de l&rsquo;envoyer.<\/li>\n<\/ul>\n[\/vc_column_text][\/vc_column][\/vc_row]\n","protected":false},"excerpt":{"rendered":"<p>[vc_row css=\u00a0\u00bb.vc_custom_1575773239163{background-image: url(http:\/\/blog-recherche-emploi-construction-batiment-nouvelle-aquitaine.fr\/wp-content\/uploads\/2019\/11\/recherche-emploi-construction-batiment-nouvelle-aquitaine-image-de-chantier-de-dos.png?id=225) !important;}\u00a0\u00bb][vc_column][vc_empty_space][vc_empty_space][vc_column_text color=\u00a0\u00bb#ffffff\u00a0\u00bb] Le bon CV doit rendre le travail de l\u2019employeur plus facile et lui permettre de lire directement les informations les plus importantes. C&rsquo;est la premi\u00e8re impression que l\u2019employeur aura de vous, prenez-en soin. &nbsp;[\/vc_column_text][\/vc_column][\/vc_row][vc_row][vc_column][vc_column_text] LES&hellip;<\/p>\n","protected":false},"author":1,"featured_media":0,"parent":0,"menu_order":0,"comment_status":"closed","ping_status":"closed","template":"","meta":{"footnotes":""},"class_list":["post-369","page","type-page","status-publish","hentry","entry","no-media"],"yoast_head":"<!-- This site is optimized with the Yoast SEO plugin v25.3 - https:\/\/yoast.com\/wordpress\/plugins\/seo\/ -->\n<title>R\u00e9aliser un CV efficace et percutant - blog sur la recherche d&#039;emploi en construction et en b\u00e2timent en Aquitaine<\/title>\n<meta name=\"robots\" content=\"index, follow, max-snippet:-1, max-image-preview:large, max-video-preview:-1\" \/>\n<link rel=\"canonical\" href=\"https:\/\/blog-recherche-emploi-construction-batiment-aquitaine.fr\/index.php\/la-preparation-de-votre-candidature-realiser-un-bon-cv\/\" \/>\n<meta property=\"og:locale\" content=\"fr_FR\" \/>\n<meta property=\"og:type\" content=\"article\" \/>\n<meta property=\"og:title\" content=\"R\u00e9aliser un CV efficace et percutant - blog sur la recherche d&#039;emploi en construction et en b\u00e2timent en Aquitaine\" \/>\n<meta property=\"og:description\" content=\"[vc_row css=\u00a0\u00bb.vc_custom_1575773239163{background-image: url(http:\/\/blog-recherche-emploi-construction-batiment-nouvelle-aquitaine.fr\/wp-content\/uploads\/2019\/11\/recherche-emploi-construction-batiment-nouvelle-aquitaine-image-de-chantier-de-dos.png?id=225) !important;}\u00a0\u00bb][vc_column][vc_empty_space][vc_empty_space][vc_column_text color=\u00a0\u00bb#ffffff\u00a0\u00bb] Le bon CV doit rendre le travail de l\u2019employeur plus facile et lui permettre de lire directement les informations les plus importantes. C&rsquo;est la premi\u00e8re impression que l\u2019employeur aura de vous, prenez-en soin. &nbsp;[\/vc_column_text][\/vc_column][\/vc_row][vc_row][vc_column][vc_column_text] LES&hellip;\" \/>\n<meta property=\"og:url\" content=\"https:\/\/blog-recherche-emploi-construction-batiment-aquitaine.fr\/index.php\/la-preparation-de-votre-candidature-realiser-un-bon-cv\/\" \/>\n<meta property=\"og:site_name\" content=\"blog sur la recherche d&#039;emploi en construction et en b\u00e2timent en Aquitaine\" \/>\n<meta property=\"article:modified_time\" content=\"2019-12-08T17:17:33+00:00\" \/>\n<meta name=\"twitter:card\" content=\"summary_large_image\" \/>\n<meta name=\"twitter:label1\" content=\"Dur\u00e9e de lecture estim\u00e9e\" \/>\n\t<meta name=\"twitter:data1\" content=\"2 minutes\" \/>\n<script type=\"application\/ld+json\" class=\"yoast-schema-graph\">{\"@context\":\"https:\/\/schema.org\",\"@graph\":[{\"@type\":\"WebPage\",\"@id\":\"https:\/\/blog-recherche-emploi-construction-batiment-aquitaine.fr\/index.php\/la-preparation-de-votre-candidature-realiser-un-bon-cv\/\",\"url\":\"https:\/\/blog-recherche-emploi-construction-batiment-aquitaine.fr\/index.php\/la-preparation-de-votre-candidature-realiser-un-bon-cv\/\",\"name\":\"R\u00e9aliser un CV efficace et percutant - blog sur la recherche d&#039;emploi en construction et en b\u00e2timent en Aquitaine\",\"isPartOf\":{\"@id\":\"https:\/\/blog-recherche-emploi-construction-batiment-aquitaine.fr\/#website\"},\"datePublished\":\"2019-12-08T02:35:03+00:00\",\"dateModified\":\"2019-12-08T17:17:33+00:00\",\"breadcrumb\":{\"@id\":\"https:\/\/blog-recherche-emploi-construction-batiment-aquitaine.fr\/index.php\/la-preparation-de-votre-candidature-realiser-un-bon-cv\/#breadcrumb\"},\"inLanguage\":\"fr-FR\",\"potentialAction\":[{\"@type\":\"ReadAction\",\"target\":[\"https:\/\/blog-recherche-emploi-construction-batiment-aquitaine.fr\/index.php\/la-preparation-de-votre-candidature-realiser-un-bon-cv\/\"]}]},{\"@type\":\"BreadcrumbList\",\"@id\":\"https:\/\/blog-recherche-emploi-construction-batiment-aquitaine.fr\/index.php\/la-preparation-de-votre-candidature-realiser-un-bon-cv\/#breadcrumb\",\"itemListElement\":[{\"@type\":\"ListItem\",\"position\":1,\"name\":\"Accueil\",\"item\":\"https:\/\/blog-recherche-emploi-construction-batiment-aquitaine.fr\/\"},{\"@type\":\"ListItem\",\"position\":2,\"name\":\"R\u00e9aliser un CV efficace et percutant\"}]},{\"@type\":\"WebSite\",\"@id\":\"https:\/\/blog-recherche-emploi-construction-batiment-aquitaine.fr\/#website\",\"url\":\"https:\/\/blog-recherche-emploi-construction-batiment-aquitaine.fr\/\",\"name\":\"blog sur la recherche d&#039;emploi en construction et en b\u00e2timent en Aquitaine\",\"description\":\"Un blog de la FFB NA pour promouvoir la recherche d&#039;emploi en construction\",\"publisher\":{\"@id\":\"https:\/\/blog-recherche-emploi-construction-batiment-aquitaine.fr\/#organization\"},\"potentialAction\":[{\"@type\":\"SearchAction\",\"target\":{\"@type\":\"EntryPoint\",\"urlTemplate\":\"https:\/\/blog-recherche-emploi-construction-batiment-aquitaine.fr\/?s={search_term_string}\"},\"query-input\":{\"@type\":\"PropertyValueSpecification\",\"valueRequired\":true,\"valueName\":\"search_term_string\"}}],\"inLanguage\":\"fr-FR\"},{\"@type\":\"Organization\",\"@id\":\"https:\/\/blog-recherche-emploi-construction-batiment-aquitaine.fr\/#organization\",\"name\":\"blog sur la recherche d&#039;emploi en construction et en b\u00e2timent en Aquitaine\",\"url\":\"https:\/\/blog-recherche-emploi-construction-batiment-aquitaine.fr\/\",\"logo\":{\"@type\":\"ImageObject\",\"inLanguage\":\"fr-FR\",\"@id\":\"https:\/\/blog-recherche-emploi-construction-batiment-aquitaine.fr\/#\/schema\/logo\/image\/\",\"url\":\"https:\/\/blog-recherche-emploi-construction-batiment-aquitaine.fr\/wp-content\/uploads\/2019\/11\/logo-site-recherche-emploi-batiment-blanc-100x244.png\",\"contentUrl\":\"https:\/\/blog-recherche-emploi-construction-batiment-aquitaine.fr\/wp-content\/uploads\/2019\/11\/logo-site-recherche-emploi-batiment-blanc-100x244.png\",\"width\":244,\"height\":100,\"caption\":\"blog sur la recherche d&#039;emploi en construction et en b\u00e2timent en Aquitaine\"},\"image\":{\"@id\":\"https:\/\/blog-recherche-emploi-construction-batiment-aquitaine.fr\/#\/schema\/logo\/image\/\"}}]}<\/script>\n<!-- \/ Yoast SEO plugin. -->","yoast_head_json":{"title":"R\u00e9aliser un CV efficace et percutant - blog sur la recherche d&#039;emploi en construction et en b\u00e2timent en Aquitaine","robots":{"index":"index","follow":"follow","max-snippet":"max-snippet:-1","max-image-preview":"max-image-preview:large","max-video-preview":"max-video-preview:-1"},"canonical":"https:\/\/blog-recherche-emploi-construction-batiment-aquitaine.fr\/index.php\/la-preparation-de-votre-candidature-realiser-un-bon-cv\/","og_locale":"fr_FR","og_type":"article","og_title":"R\u00e9aliser un CV efficace et percutant - blog sur la recherche d&#039;emploi en construction et en b\u00e2timent en Aquitaine","og_description":"[vc_row css=\u00a0\u00bb.vc_custom_1575773239163{background-image: url(http:\/\/blog-recherche-emploi-construction-batiment-nouvelle-aquitaine.fr\/wp-content\/uploads\/2019\/11\/recherche-emploi-construction-batiment-nouvelle-aquitaine-image-de-chantier-de-dos.png?id=225) !important;}\u00a0\u00bb][vc_column][vc_empty_space][vc_empty_space][vc_column_text color=\u00a0\u00bb#ffffff\u00a0\u00bb] Le bon CV doit rendre le travail de l\u2019employeur plus facile et lui permettre de lire directement les informations les plus importantes. C&rsquo;est la premi\u00e8re impression que l\u2019employeur aura de vous, prenez-en soin. &nbsp;[\/vc_column_text][\/vc_column][\/vc_row][vc_row][vc_column][vc_column_text] LES&hellip;","og_url":"https:\/\/blog-recherche-emploi-construction-batiment-aquitaine.fr\/index.php\/la-preparation-de-votre-candidature-realiser-un-bon-cv\/","og_site_name":"blog sur la recherche d&#039;emploi en construction et en b\u00e2timent en Aquitaine","article_modified_time":"2019-12-08T17:17:33+00:00","twitter_card":"summary_large_image","twitter_misc":{"Dur\u00e9e de lecture estim\u00e9e":"2 minutes"},"schema":{"@context":"https:\/\/schema.org","@graph":[{"@type":"WebPage","@id":"https:\/\/blog-recherche-emploi-construction-batiment-aquitaine.fr\/index.php\/la-preparation-de-votre-candidature-realiser-un-bon-cv\/","url":"https:\/\/blog-recherche-emploi-construction-batiment-aquitaine.fr\/index.php\/la-preparation-de-votre-candidature-realiser-un-bon-cv\/","name":"R\u00e9aliser un CV efficace et percutant - blog sur la recherche d&#039;emploi en construction et en b\u00e2timent en Aquitaine","isPartOf":{"@id":"https:\/\/blog-recherche-emploi-construction-batiment-aquitaine.fr\/#website"},"datePublished":"2019-12-08T02:35:03+00:00","dateModified":"2019-12-08T17:17:33+00:00","breadcrumb":{"@id":"https:\/\/blog-recherche-emploi-construction-batiment-aquitaine.fr\/index.php\/la-preparation-de-votre-candidature-realiser-un-bon-cv\/#breadcrumb"},"inLanguage":"fr-FR","potentialAction":[{"@type":"ReadAction","target":["https:\/\/blog-recherche-emploi-construction-batiment-aquitaine.fr\/index.php\/la-preparation-de-votre-candidature-realiser-un-bon-cv\/"]}]},{"@type":"BreadcrumbList","@id":"https:\/\/blog-recherche-emploi-construction-batiment-aquitaine.fr\/index.php\/la-preparation-de-votre-candidature-realiser-un-bon-cv\/#breadcrumb","itemListElement":[{"@type":"ListItem","position":1,"name":"Accueil","item":"https:\/\/blog-recherche-emploi-construction-batiment-aquitaine.fr\/"},{"@type":"ListItem","position":2,"name":"R\u00e9aliser un CV efficace et percutant"}]},{"@type":"WebSite","@id":"https:\/\/blog-recherche-emploi-construction-batiment-aquitaine.fr\/#website","url":"https:\/\/blog-recherche-emploi-construction-batiment-aquitaine.fr\/","name":"blog sur la recherche d&#039;emploi en construction et en b\u00e2timent en Aquitaine","description":"Un blog de la FFB NA pour promouvoir la recherche d&#039;emploi en construction","publisher":{"@id":"https:\/\/blog-recherche-emploi-construction-batiment-aquitaine.fr\/#organization"},"potentialAction":[{"@type":"SearchAction","target":{"@type":"EntryPoint","urlTemplate":"https:\/\/blog-recherche-emploi-construction-batiment-aquitaine.fr\/?s={search_term_string}"},"query-input":{"@type":"PropertyValueSpecification","valueRequired":true,"valueName":"search_term_string"}}],"inLanguage":"fr-FR"},{"@type":"Organization","@id":"https:\/\/blog-recherche-emploi-construction-batiment-aquitaine.fr\/#organization","name":"blog sur la recherche d&#039;emploi en construction et en b\u00e2timent en Aquitaine","url":"https:\/\/blog-recherche-emploi-construction-batiment-aquitaine.fr\/","logo":{"@type":"ImageObject","inLanguage":"fr-FR","@id":"https:\/\/blog-recherche-emploi-construction-batiment-aquitaine.fr\/#\/schema\/logo\/image\/","url":"https:\/\/blog-recherche-emploi-construction-batiment-aquitaine.fr\/wp-content\/uploads\/2019\/11\/logo-site-recherche-emploi-batiment-blanc-100x244.png","contentUrl":"https:\/\/blog-recherche-emploi-construction-batiment-aquitaine.fr\/wp-content\/uploads\/2019\/11\/logo-site-recherche-emploi-batiment-blanc-100x244.png","width":244,"height":100,"caption":"blog sur la recherche d&#039;emploi en construction et en b\u00e2timent en Aquitaine"},"image":{"@id":"https:\/\/blog-recherche-emploi-construction-batiment-aquitaine.fr\/#\/schema\/logo\/image\/"}}]}},"_links":{"self":[{"href":"https:\/\/blog-recherche-emploi-construction-batiment-aquitaine.fr\/index.php\/wp-json\/wp\/v2\/pages\/369","targetHints":{"allow":["GET"]}}],"collection":[{"href":"https:\/\/blog-recherche-emploi-construction-batiment-aquitaine.fr\/index.php\/wp-json\/wp\/v2\/pages"}],"about":[{"href":"https:\/\/blog-recherche-emploi-construction-batiment-aquitaine.fr\/index.php\/wp-json\/wp\/v2\/types\/page"}],"author":[{"embeddable":true,"href":"https:\/\/blog-recherche-emploi-construction-batiment-aquitaine.fr\/index.php\/wp-json\/wp\/v2\/users\/1"}],"replies":[{"embeddable":true,"href":"https:\/\/blog-recherche-emploi-construction-batiment-aquitaine.fr\/index.php\/wp-json\/wp\/v2\/comments?post=369"}],"version-history":[{"count":10,"href":"https:\/\/blog-recherche-emploi-construction-batiment-aquitaine.fr\/index.php\/wp-json\/wp\/v2\/pages\/369\/revisions"}],"predecessor-version":[{"id":416,"href":"https:\/\/blog-recherche-emploi-construction-batiment-aquitaine.fr\/index.php\/wp-json\/wp\/v2\/pages\/369\/revisions\/416"}],"wp:attachment":[{"href":"https:\/\/blog-recherche-emploi-construction-batiment-aquitaine.fr\/index.php\/wp-json\/wp\/v2\/media?parent=369"}],"curies":[{"name":"wp","href":"https:\/\/api.w.org\/{rel}","templated":true}]}}